{"id":1611,"date":"2023-04-17T10:08:47","date_gmt":"2023-04-17T08:08:47","guid":{"rendered":"https:\/\/usciredalsilenzio.it\/?page_id=1611"},"modified":"2023-04-17T16:00:23","modified_gmt":"2023-04-17T14:00:23","slug":"archivio-delle-iniziative","status":"publish","type":"page","link":"https:\/\/usciredalsilenzio.it\/en\/archivio-delle-iniziative\/","title":{"rendered":"Archivio delle iniziative"},"content":{"rendered":"<div data-elementor-type=\"wp-page\" data-elementor-id=\"1611\" class=\"elementor elementor-1611\" data-elementor-settings=\"[]\">\r\n\t\t\t<div class=\"elementor-inner\">\r\n\t\t\t\t<div class=\"elementor-section-wrap\">\r\n\t\t\t\t\t\t\t<section class=\"elementor-element elementor-element-80226b6 elementor-section-boxed elementor-section-height-default elementor-section-height-default elementor-section elementor-top-section\" data-id=\"80226b6\" data-element_type=\"section\">\r\n\t\t\t\t\t\t<div class=\"elementor-container elementor-column-gap-default\">\r\n\t\t\t\t<div class=\"elementor-row\">\r\n\t\t\t\t<div class=\"elementor-element elementor-element-e689a31 elementor-column elementor-col-100 elementor-top-column\" data-id=\"e689a31\" data-element_type=\"column\">\r\n\t\t\t<div class=\"elementor-column-wrap  elementor-element-populated\">\r\n\t\t\t\t\t<div class=\"elementor-widget-wrap\">\r\n\t\t\t\t<div class=\"elementor-element elementor-element-4697bb6 elementor-widget elementor-widget-heading\" data-id=\"4697bb6\" data-element_type=\"widget\" data-widget_type=\"heading.default\">\r\n\t\t\t\t<div class=\"elementor-widget-container\">\r\n\t\t\t<h1 class=\"elementor-heading-title elementor-size-default\">Le nostre ultime iniziative<\/h1>\t\t<\/div>\r\n\t\t\t\t<\/div>\r\n\t\t\t\t\t\t<\/div>\r\n\t\t\t<\/div>\r\n\t\t<\/div>\r\n\t\t\t\t\t\t<\/div>\r\n\t\t\t<\/div>\r\n\t\t<\/section>\r\n\t\t\t\t<section class=\"elementor-element elementor-element-0de16ed elementor-section-boxed elementor-section-height-default elementor-section-height-default elementor-section elementor-top-section\" data-id=\"0de16ed\" data-element_type=\"section\">\r\n\t\t\t\t\t\t<div class=\"elementor-container elementor-column-gap-default\">\r\n\t\t\t\t<div class=\"elementor-row\">\r\n\t\t\t\t<div class=\"elementor-element elementor-element-6967d3c elementor-column elementor-col-100 elementor-top-column\" data-id=\"6967d3c\" data-element_type=\"column\">\r\n\t\t\t<div class=\"elementor-column-wrap  elementor-element-populated\">\r\n\t\t\t\t\t<div class=\"elementor-widget-wrap\">\r\n\t\t\t\t<div class=\"elementor-element elementor-element-8398a1c elementor-widget elementor-widget-eael-post-grid\" data-id=\"8398a1c\" data-element_type=\"widget\" data-widget_type=\"eael-post-grid.default\">\r\n\t\t\t\t<div class=\"elementor-widget-container\">\r\n\t\t\t<div id=\"eael-post-grid-8398a1c\" class=\"eael-post-grid-container eael-col-3\">\r\n            <div class=\"eael-post-grid eael-post-appender eael-post-appender-8398a1c\">\r\n                <article class=\"eael-grid-post eael-post-grid-column\" data-id=\"2138\">\r\n                    <div class=\"eael-grid-post-holder\">\r\n                        <div class=\"eael-grid-post-holder-inner\"><div class=\"eael-entry-media\"><div class=\"eael-entry-overlay fade-in\"><i class=\"fas fa-book-reader\" aria-hidden=\"true\"><\/i><a href=\"https:\/\/usciredalsilenzio.it\/en\/le-panchine-contro-la-violenza-istituto-comprensivo-settimo-2\/\"><\/a><\/div><div class=\"eael-entry-thumbnail\">\r\n                                        <img decoding=\"async\" src=\"https:\/\/usciredalsilenzio.it\/wp-content\/uploads\/2024\/11\/20241123_165406-300x169.jpg\" alt=\"Giornata violenza contro le donne 2024\">\r\n                                    <\/div><\/div><div class=\"eael-entry-wrapper\">\r\n                                    <header class=\"eael-entry-header\"><h2 class=\"eael-entry-title\"><a class=\"eael-grid-post-link\" href=\"https:\/\/usciredalsilenzio.it\/en\/le-panchine-contro-la-violenza-istituto-comprensivo-settimo-2\/\" title=\"Le panchine contro la violenza &#8211; Istituto Comprensivo Settimo 2\">Le panchine contro la violenza &#8211; Istituto Comprensivo Settimo 2<\/a><\/h2><\/header><div class=\"eael-entry-content\">\r\n                                            <div class=\"eael-grid-post-excerpt\">\r\n                                                <p>In occasione del 25 novembre, quando \u00e8 stata celebrata la...<\/p><a href=\"https:\/\/usciredalsilenzio.it\/en\/le-panchine-contro-la-violenza-istituto-comprensivo-settimo-2\/\" class=\"eael-post-elements-readmore-btn\">Read more<\/a><\/div>\r\n                                        <\/div><\/div><\/div>\r\n                    <\/div>\r\n                <\/article><article class=\"eael-grid-post eael-post-grid-column\" data-id=\"2064\">\r\n                    <div class=\"eael-grid-post-holder\">\r\n                        <div class=\"eael-grid-post-holder-inner\"><div class=\"eael-entry-media\"><div class=\"eael-entry-overlay fade-in\"><i class=\"fas fa-book-reader\" aria-hidden=\"true\"><\/i><a href=\"https:\/\/usciredalsilenzio.it\/en\/iniziative-di-uscire-dal-silenzio-25-novembre-2024\/\"><\/a><\/div><div class=\"eael-entry-thumbnail\">\r\n                                        <img decoding=\"async\" src=\"https:\/\/usciredalsilenzio.it\/wp-content\/uploads\/2024\/11\/20241123_165406-300x169.jpg\" alt=\"Giornata violenza contro le donne 2024\">\r\n                                    <\/div><\/div><div class=\"eael-entry-wrapper\">\r\n                                    <header class=\"eael-entry-header\"><h2 class=\"eael-entry-title\"><a class=\"eael-grid-post-link\" href=\"https:\/\/usciredalsilenzio.it\/en\/iniziative-di-uscire-dal-silenzio-25-novembre-2024\/\" title=\"Iniziative di Uscire dal Silenzio &#8211; 25 novembre 2024\">Iniziative di Uscire dal Silenzio &#8211; 25 novembre 2024<\/a><\/h2><\/header><div class=\"eael-entry-content\">\r\n                                            <div class=\"eael-grid-post-excerpt\">\r\n                                                <p>\ud83c\udf39 Weekend di riflessione e azione\ud83c\udf39\u00a0Dal 23 al 25 novembre,...<\/p><a href=\"https:\/\/usciredalsilenzio.it\/en\/iniziative-di-uscire-dal-silenzio-25-novembre-2024\/\" class=\"eael-post-elements-readmore-btn\">Read more<\/a><\/div>\r\n                                        <\/div><\/div><\/div>\r\n                    <\/div>\r\n                <\/article><article class=\"eael-grid-post eael-post-grid-column\" data-id=\"2054\">\r\n                    <div class=\"eael-grid-post-holder\">\r\n                        <div class=\"eael-grid-post-holder-inner\"><div class=\"eael-entry-media\"><div class=\"eael-entry-overlay fade-in\"><i class=\"fas fa-book-reader\" aria-hidden=\"true\"><\/i><a href=\"https:\/\/usciredalsilenzio.it\/en\/non-e-un-lavoro-per-donne-festa-dellunita-di-settimo-torinese-2\/\"><\/a><\/div><div class=\"eael-entry-thumbnail\">\r\n                                        <img decoding=\"async\" src=\"https:\/\/usciredalsilenzio.it\/wp-content\/uploads\/2024\/10\/presentazione-libro-uscire-dal-silenzio-centro-antiviolenza-torino-300x284.jpg\" alt=\"Presentazione libro Uscire dal silenzio Centro Antiviolenza Settimo Torinese\">\r\n                                    <\/div><\/div><div class=\"eael-entry-wrapper\">\r\n                                    <header class=\"eael-entry-header\"><h2 class=\"eael-entry-title\"><a class=\"eael-grid-post-link\" href=\"https:\/\/usciredalsilenzio.it\/en\/non-e-un-lavoro-per-donne-festa-dellunita-di-settimo-torinese-2\/\" title=\"Presentazione del libro &#8220;Destini in discesa&#8221; &#8211; Maraflora Sartor\">Presentazione del libro &#8220;Destini in discesa&#8221; &#8211; Maraflora Sartor<\/a><\/h2><\/header><div class=\"eael-entry-content\">\r\n                                            <div class=\"eael-grid-post-excerpt\">\r\n                                                <p>\u00c8 stata una serata intensa e ricca di emozioni!\u00a0Abbiamo avuto...<\/p><a href=\"https:\/\/usciredalsilenzio.it\/en\/non-e-un-lavoro-per-donne-festa-dellunita-di-settimo-torinese-2\/\" class=\"eael-post-elements-readmore-btn\">Read more<\/a><\/div>\r\n                                        <\/div><\/div><\/div>\r\n                    <\/div>\r\n                <\/article><article class=\"eael-grid-post eael-post-grid-column\" data-id=\"2016\">\r\n                    <div class=\"eael-grid-post-holder\">\r\n                        <div class=\"eael-grid-post-holder-inner\"><div class=\"eael-entry-media\"><div class=\"eael-entry-overlay fade-in\"><i class=\"fas fa-book-reader\" aria-hidden=\"true\"><\/i><a href=\"https:\/\/usciredalsilenzio.it\/en\/non-e-un-lavoro-per-donne-festa-dellunita-di-settimo-torinese\/\"><\/a><\/div><div class=\"eael-entry-thumbnail\">\r\n                                        <img decoding=\"async\" src=\"https:\/\/usciredalsilenzio.it\/wp-content\/uploads\/2024\/07\/non-e-un-lavoro-per-donne-300x280.jpg\" alt=\"Non \u00e8 un lavoro per donne - Festa dell&#039;unit\u00e0 2024 Settimo Torinese\">\r\n                                    <\/div><\/div><div class=\"eael-entry-wrapper\">\r\n                                    <header class=\"eael-entry-header\"><h2 class=\"eael-entry-title\"><a class=\"eael-grid-post-link\" href=\"https:\/\/usciredalsilenzio.it\/en\/non-e-un-lavoro-per-donne-festa-dellunita-di-settimo-torinese\/\" title=\"Non \u00e8 un lavoro per donne &#8211; Festa dell&#8217;Unit\u00e0 di Settimo Torinese\">Non \u00e8 un lavoro per donne &#8211; Festa dell&#8217;Unit\u00e0 di Settimo Torinese<\/a><\/h2><\/header><div class=\"eael-entry-content\">\r\n                                            <div class=\"eael-grid-post-excerpt\">\r\n                                                <p>L&#8217;evento si svolger\u00e0 il Gioved\u00ec 4 luglio alle ore 21.00...<\/p><a href=\"https:\/\/usciredalsilenzio.it\/en\/non-e-un-lavoro-per-donne-festa-dellunita-di-settimo-torinese\/\" class=\"eael-post-elements-readmore-btn\">Read more<\/a><\/div>\r\n                                        <\/div><\/div><\/div>\r\n                    <\/div>\r\n                <\/article><article class=\"eael-grid-post eael-post-grid-column\" data-id=\"2000\">\r\n                    <div class=\"eael-grid-post-holder\">\r\n                        <div class=\"eael-grid-post-holder-inner\"><div class=\"eael-entry-media\"><div class=\"eael-entry-overlay fade-in\"><i class=\"fas fa-book-reader\" aria-hidden=\"true\"><\/i><a href=\"https:\/\/usciredalsilenzio.it\/en\/inizio-del-restauro-delle-panchine-rosse-di-settimo-torinese\/\"><\/a><\/div><div class=\"eael-entry-thumbnail\">\r\n                                        <img decoding=\"async\" src=\"https:\/\/usciredalsilenzio.it\/wp-content\/uploads\/2024\/04\/2-300x300.png\" alt=\"Restauriamo le panchine rosse a Settimo Torinese\">\r\n                                    <\/div><\/div><div class=\"eael-entry-wrapper\">\r\n                                    <header class=\"eael-entry-header\"><h2 class=\"eael-entry-title\"><a class=\"eael-grid-post-link\" href=\"https:\/\/usciredalsilenzio.it\/en\/inizio-del-restauro-delle-panchine-rosse-di-settimo-torinese\/\" title=\"Inizio del restauro delle Panchine Rosse di Settimo Torinese\">Inizio del restauro delle Panchine Rosse di Settimo Torinese<\/a><\/h2><\/header><div class=\"eael-entry-content\">\r\n                                            <div class=\"eael-grid-post-excerpt\">\r\n                                                <p>Sabato 20 aprile\u00a0alle\u00a0ore 17.00\u00a0al\u00a0Parco De Gasperi\u00a0di\u00a0Settimo Torinese\u00a0si \u00e8 svolta l&#8217;inaugurazione...<\/p><a href=\"https:\/\/usciredalsilenzio.it\/en\/inizio-del-restauro-delle-panchine-rosse-di-settimo-torinese\/\" class=\"eael-post-elements-readmore-btn\">Read more<\/a><\/div>\r\n                                        <\/div><\/div><\/div>\r\n                    <\/div>\r\n                <\/article><article class=\"eael-grid-post eael-post-grid-column\" data-id=\"1994\">\r\n                    <div class=\"eael-grid-post-holder\">\r\n                        <div class=\"eael-grid-post-holder-inner\"><div class=\"eael-entry-media\"><div class=\"eael-entry-overlay fade-in\"><i class=\"fas fa-book-reader\" aria-hidden=\"true\"><\/i><a href=\"https:\/\/usciredalsilenzio.it\/en\/uscire-dal-silenzio-per-aboh-allecomuseo-di-settimo-torinese\/\"><\/a><\/div><div class=\"eael-entry-thumbnail\">\r\n                                        <img decoding=\"async\" src=\"https:\/\/usciredalsilenzio.it\/wp-content\/uploads\/2024\/04\/20-300x300.png\" alt=\"A bit of [hi]story\">\r\n                                    <\/div><\/div><div class=\"eael-entry-wrapper\">\r\n                                    <header class=\"eael-entry-header\"><h2 class=\"eael-entry-title\"><a class=\"eael-grid-post-link\" href=\"https:\/\/usciredalsilenzio.it\/en\/uscire-dal-silenzio-per-aboh-allecomuseo-di-settimo-torinese\/\" title=\"Uscire dal Silenzio per ABOH all&#8217;Ecomuseo di Settimo Torinese\">Uscire dal Silenzio per ABOH all&#8217;Ecomuseo di Settimo Torinese<\/a><\/h2><\/header><div class=\"eael-entry-content\">\r\n                                            <div class=\"eael-grid-post-excerpt\">\r\n                                                <p>Il Centro Antiviolenza di Settimo Torinese \u00e8 stato presente con...<\/p><a href=\"https:\/\/usciredalsilenzio.it\/en\/uscire-dal-silenzio-per-aboh-allecomuseo-di-settimo-torinese\/\" class=\"eael-post-elements-readmore-btn\">Read more<\/a><\/div>\r\n                                        <\/div><\/div><\/div>\r\n                    <\/div>\r\n                <\/article><article class=\"eael-grid-post eael-post-grid-column\" data-id=\"1953\">\r\n                    <div class=\"eael-grid-post-holder\">\r\n                        <div class=\"eael-grid-post-holder-inner\"><div class=\"eael-entry-media\"><div class=\"eael-entry-overlay fade-in\"><i class=\"fas fa-book-reader\" aria-hidden=\"true\"><\/i><a href=\"https:\/\/usciredalsilenzio.it\/en\/manifesti-nelle-vie-cittadine-dal-titolo-pari-e-dispari-equilibri-attesi\/\"><\/a><\/div><div class=\"eael-entry-thumbnail\">\r\n                                        <img decoding=\"async\" src=\"https:\/\/usciredalsilenzio.it\/wp-content\/uploads\/2023\/12\/402492272_730737615757041_366821006238449924_n-300x300.jpg\" alt=\"\">\r\n                                    <\/div><\/div><div class=\"eael-entry-wrapper\">\r\n                                    <header class=\"eael-entry-header\"><h2 class=\"eael-entry-title\"><a class=\"eael-grid-post-link\" href=\"https:\/\/usciredalsilenzio.it\/en\/manifesti-nelle-vie-cittadine-dal-titolo-pari-e-dispari-equilibri-attesi\/\" title=\"Manifesti nelle Vie cittadine dal titolo  \u201cPari e dispari &#8211; Equilibri attesi\u201d\">Manifesti nelle Vie cittadine dal titolo  \u201cPari e dispari &#8211; Equilibri attesi\u201d<\/a><\/h2><\/header><div class=\"eael-entry-content\">\r\n                                            <div class=\"eael-grid-post-excerpt\">\r\n                                                <p>&nbsp; &nbsp;<\/p><a href=\"https:\/\/usciredalsilenzio.it\/en\/manifesti-nelle-vie-cittadine-dal-titolo-pari-e-dispari-equilibri-attesi\/\" class=\"eael-post-elements-readmore-btn\">Read more<\/a><\/div>\r\n                                        <\/div><\/div><\/div>\r\n                    <\/div>\r\n                <\/article><article class=\"eael-grid-post eael-post-grid-column\" data-id=\"1896\">\r\n                    <div class=\"eael-grid-post-holder\">\r\n                        <div class=\"eael-grid-post-holder-inner\"><div class=\"eael-entry-media\"><div class=\"eael-entry-overlay fade-in\"><i class=\"fas fa-book-reader\" aria-hidden=\"true\"><\/i><a href=\"https:\/\/usciredalsilenzio.it\/en\/al-parco-berlinguer-panchine-rosse-contro-la-violenza-sulle-donne\/\"><\/a><\/div><div class=\"eael-entry-thumbnail\">\r\n                                        <img decoding=\"async\" src=\"https:\/\/usciredalsilenzio.it\/wp-content\/uploads\/2024\/03\/panchina-rossa-2-680x408-1-300x180.jpg\" alt=\"Panchina rossa Settimo Torinese Uscire dal Silenzio\">\r\n                                    <\/div><\/div><div class=\"eael-entry-wrapper\">\r\n                                    <header class=\"eael-entry-header\"><h2 class=\"eael-entry-title\"><a class=\"eael-grid-post-link\" href=\"https:\/\/usciredalsilenzio.it\/en\/al-parco-berlinguer-panchine-rosse-contro-la-violenza-sulle-donne\/\" title=\"Al parco Berlinguer panchine rosse contro la violenza sulle donne\">Al parco Berlinguer panchine rosse contro la violenza sulle donne<\/a><\/h2><\/header><div class=\"eael-entry-content\">\r\n                                            <div class=\"eael-grid-post-excerpt\">\r\n                                                <p>Il 9 marzo scorso, Eugenio Marotta, Massimo Logallo e Davide...<\/p><a href=\"https:\/\/usciredalsilenzio.it\/en\/al-parco-berlinguer-panchine-rosse-contro-la-violenza-sulle-donne\/\" class=\"eael-post-elements-readmore-btn\">Read more<\/a><\/div>\r\n                                        <\/div><\/div><\/div>\r\n                    <\/div>\r\n                <\/article><article class=\"eael-grid-post eael-post-grid-column\" data-id=\"1621\">\r\n                    <div class=\"eael-grid-post-holder\">\r\n                        <div class=\"eael-grid-post-holder-inner\"><div class=\"eael-entry-media\"><div class=\"eael-entry-overlay fade-in\"><i class=\"fas fa-book-reader\" aria-hidden=\"true\"><\/i><a href=\"https:\/\/usciredalsilenzio.it\/en\/giornata-internazione-contro-la-violenza-sulle-donne-ma-quanto-fastidioso-molestie-di-strada\/\"><\/a><\/div><div class=\"eael-entry-thumbnail\">\r\n                                        <img decoding=\"async\" src=\"https:\/\/usciredalsilenzio.it\/wp-content\/uploads\/2023\/04\/molestie-di-strada-uscire-dal-silenzio-300x172.jpg\" alt=\"Molestie di strada | Uscire dal silenzio\">\r\n                                    <\/div><\/div><div class=\"eael-entry-wrapper\">\r\n                                    <header class=\"eael-entry-header\"><h2 class=\"eael-entry-title\"><a class=\"eael-grid-post-link\" href=\"https:\/\/usciredalsilenzio.it\/en\/giornata-internazione-contro-la-violenza-sulle-donne-ma-quanto-fastidioso-molestie-di-strada\/\" title=\"Ma quanto fastidioso | Molestie di strada\">Ma quanto fastidioso | Molestie di strada<\/a><\/h2><\/header><div class=\"eael-entry-content\">\r\n                                            <div class=\"eael-grid-post-excerpt\">\r\n                                                <p>26 novembre 2022 &#8211; 16.30 In occasione della Giornata Internazionale...<\/p><a href=\"https:\/\/usciredalsilenzio.it\/en\/giornata-internazione-contro-la-violenza-sulle-donne-ma-quanto-fastidioso-molestie-di-strada\/\" class=\"eael-post-elements-readmore-btn\">Read more<\/a><\/div>\r\n                                        <\/div><\/div><\/div>\r\n                    <\/div>\r\n                <\/article><article class=\"eael-grid-post eael-post-grid-column\" data-id=\"1567\">\r\n                    <div class=\"eael-grid-post-holder\">\r\n                        <div class=\"eael-grid-post-holder-inner\"><div class=\"eael-entry-media\"><div class=\"eael-entry-overlay fade-in\"><i class=\"fas fa-book-reader\" aria-hidden=\"true\"><\/i><a href=\"https:\/\/usciredalsilenzio.it\/en\/sentinella-contro-la-violenza-di-genere\/\"><\/a><\/div><div class=\"eael-entry-thumbnail\">\r\n                                        <img decoding=\"async\" src=\"https:\/\/usciredalsilenzio.it\/wp-content\/uploads\/2023\/04\/progetto-sentinelle-violenza-di-genere-settimo-torinese-300x180.jpg\" alt=\"Progetto Sentinelle Violenza di genere Settimo torinese\">\r\n                                    <\/div><\/div><div class=\"eael-entry-wrapper\">\r\n                                    <header class=\"eael-entry-header\"><h2 class=\"eael-entry-title\"><a class=\"eael-grid-post-link\" href=\"https:\/\/usciredalsilenzio.it\/en\/sentinella-contro-la-violenza-di-genere\/\" title=\"Sentinella contro la violenza di genere\">Sentinella contro la violenza di genere<\/a><\/h2><\/header><div class=\"eael-entry-content\">\r\n                                            <div class=\"eael-grid-post-excerpt\">\r\n                                                <p>Paola Ferrero, Presidenta di Uscire dal Silenzio di Settimo torinese,...<\/p><a href=\"https:\/\/usciredalsilenzio.it\/en\/sentinella-contro-la-violenza-di-genere\/\" class=\"eael-post-elements-readmore-btn\">Read more<\/a><\/div>\r\n                                        <\/div><\/div><\/div>\r\n                    <\/div>\r\n                <\/article>\r\n            <\/div>\r\n            <div class=\"clearfix\"><\/div>\r\n        <\/div>\t\t<\/div>\r\n\t\t\t\t<\/div>\r\n\t\t\t\t\t\t<\/div>\r\n\t\t\t<\/div>\r\n\t\t<\/div>\r\n\t\t\t\t\t\t<\/div>\r\n\t\t\t<\/div>\r\n\t\t<\/section>\r\n\t\t\t\t\t\t<\/div>\r\n\t\t\t<\/div>\r\n\t\t<\/div>","protected":false},"excerpt":{"rendered":"<p>Le nostre ultime iniziative Ringraziamenti a Caterina Iannino Le operatrici del Centro Antiviolenza di Settimo Torinese \u201cUscire dal&#8230; Leggi di pi\u00f9 5\u00b0 Memorial Sara Wasington Domenica 11 settembre il Centro Antiviolenza Uscire dal Silenzio \u00e8&#8230; Leggi di pi\u00f9 25 novembre 2020 Giornata Internazionale contro la violenza sulle donne Leggi di pi\u00f9 Buone Feste 2019 Il [&hellip;]<\/p>","protected":false},"author":4,"featured_media":0,"parent":0,"menu_order":19,"comment_status":"closed","ping_status":"closed","template":"fullwidth-page.php","meta":{"footnotes":""},"class_list":["post-1611","page","type-page","status-publish","hentry"],"_links":{"self":[{"href":"https:\/\/usciredalsilenzio.it\/en\/wp-json\/wp\/v2\/pages\/1611","targetHints":{"allow":["GET"]}}],"collection":[{"href":"https:\/\/usciredalsilenzio.it\/en\/wp-json\/wp\/v2\/pages"}],"about":[{"href":"https:\/\/usciredalsilenzio.it\/en\/wp-json\/wp\/v2\/types\/page"}],"author":[{"embeddable":true,"href":"https:\/\/usciredalsilenzio.it\/en\/wp-json\/wp\/v2\/users\/4"}],"replies":[{"embeddable":true,"href":"https:\/\/usciredalsilenzio.it\/en\/wp-json\/wp\/v2\/comments?post=1611"}],"version-history":[{"count":3,"href":"https:\/\/usciredalsilenzio.it\/en\/wp-json\/wp\/v2\/pages\/1611\/revisions"}],"predecessor-version":[{"id":1650,"href":"https:\/\/usciredalsilenzio.it\/en\/wp-json\/wp\/v2\/pages\/1611\/revisions\/1650"}],"wp:attachment":[{"href":"https:\/\/usciredalsilenzio.it\/en\/wp-json\/wp\/v2\/media?parent=1611"}],"curies":[{"name":"wp","href":"https:\/\/api.w.org\/{rel}","templated":true}]}}